{"id":3671,"date":"2025-02-13T15:06:35","date_gmt":"2025-02-13T15:06:35","guid":{"rendered":"https:\/\/gudilicious.pt\/loja\/?post_type=product&#038;p=3671"},"modified":"2025-11-14T09:51:53","modified_gmt":"2025-11-14T09:51:53","slug":"mini-brioches-com-queijo","status":"publish","type":"product","link":"https:\/\/gudilicious.pt\/loja\/product\/mini-brioches-com-queijo\/","title":{"rendered":"Mini Brioches com Queijo"},"content":{"rendered":"","protected":false},"excerpt":{"rendered":"<p>Cont\u00e9m gl\u00faten. Sem a\u00e7\u00facar.<\/p>\n","protected":false},"featured_media":3740,"template":"","meta":{"inline_featured_image":false},"product_brand":[],"product_cat":[33,34],"product_tag":[],"class_list":{"0":"post-3671","1":"product","2":"type-product","3":"status-publish","4":"has-post-thumbnail","6":"product_cat-salgados","7":"product_cat-mini-sandes","8":"description-off","10":"first","11":"instock","12":"taxable","13":"shipping-taxable","14":"purchasable","15":"product-type-simple"},"_links":{"self":[{"href":"https:\/\/gudilicious.pt\/loja\/wp-json\/wp\/v2\/product\/3671","targetHints":{"allow":["GET"]}}],"collection":[{"href":"https:\/\/gudilicious.pt\/loja\/wp-json\/wp\/v2\/product"}],"about":[{"href":"https:\/\/gudilicious.pt\/loja\/wp-json\/wp\/v2\/types\/product"}],"wp:featuredmedia":[{"embeddable":true,"href":"https:\/\/gudilicious.pt\/loja\/wp-json\/wp\/v2\/media\/3740"}],"wp:attachment":[{"href":"https:\/\/gudilicious.pt\/loja\/wp-json\/wp\/v2\/media?parent=3671"}],"wp:term":[{"taxonomy":"product_brand","embeddable":true,"href":"https:\/\/gudilicious.pt\/loja\/wp-json\/wp\/v2\/product_brand?post=3671"},{"taxonomy":"product_cat","embeddable":true,"href":"https:\/\/gudilicious.pt\/loja\/wp-json\/wp\/v2\/product_cat?post=3671"},{"taxonomy":"product_tag","embeddable":true,"href":"https:\/\/gudilicious.pt\/loja\/wp-json\/wp\/v2\/product_tag?post=3671"}],"curies":[{"name":"wp","href":"https:\/\/api.w.org\/{rel}","templated":true}]}}