{"id":2986,"date":"2023-05-17T21:55:19","date_gmt":"2023-05-17T20:55:19","guid":{"rendered":"http:\/\/gudilicious.pt\/loja\/?post_type=product&#038;p=2986"},"modified":"2025-11-14T10:13:00","modified_gmt":"2025-11-14T10:13:00","slug":"2986","status":"publish","type":"product","link":"https:\/\/gudilicious.pt\/loja\/product\/2986\/","title":{"rendered":"Mini Preguinhos em Bolo do Caco"},"content":{"rendered":"","protected":false},"excerpt":{"rendered":"<p>Cont\u00e9m gl\u00faten. Sem lactose nem a\u00e7\u00facar.<\/p>\n","protected":false},"featured_media":3769,"template":"","meta":{"inline_featured_image":false},"product_brand":[],"product_cat":[33,34,110],"product_tag":[],"class_list":{"0":"post-2986","1":"product","2":"type-product","3":"status-publish","4":"has-post-thumbnail","6":"product_cat-salgados","7":"product_cat-mini-sandes","8":"product_cat-sem-lactose","9":"description-off","11":"first","12":"instock","13":"taxable","14":"shipping-taxable","15":"purchasable","16":"product-type-simple"},"_links":{"self":[{"href":"https:\/\/gudilicious.pt\/loja\/wp-json\/wp\/v2\/product\/2986","targetHints":{"allow":["GET"]}}],"collection":[{"href":"https:\/\/gudilicious.pt\/loja\/wp-json\/wp\/v2\/product"}],"about":[{"href":"https:\/\/gudilicious.pt\/loja\/wp-json\/wp\/v2\/types\/product"}],"wp:featuredmedia":[{"embeddable":true,"href":"https:\/\/gudilicious.pt\/loja\/wp-json\/wp\/v2\/media\/3769"}],"wp:attachment":[{"href":"https:\/\/gudilicious.pt\/loja\/wp-json\/wp\/v2\/media?parent=2986"}],"wp:term":[{"taxonomy":"product_brand","embeddable":true,"href":"https:\/\/gudilicious.pt\/loja\/wp-json\/wp\/v2\/product_brand?post=2986"},{"taxonomy":"product_cat","embeddable":true,"href":"https:\/\/gudilicious.pt\/loja\/wp-json\/wp\/v2\/product_cat?post=2986"},{"taxonomy":"product_tag","embeddable":true,"href":"https:\/\/gudilicious.pt\/loja\/wp-json\/wp\/v2\/product_tag?post=2986"}],"curies":[{"name":"wp","href":"https:\/\/api.w.org\/{rel}","templated":true}]}}