{"id":2985,"date":"2023-05-17T21:51:54","date_gmt":"2023-05-17T20:51:54","guid":{"rendered":"http:\/\/gudilicious.pt\/loja\/?post_type=product&#038;p=2985"},"modified":"2025-11-14T10:14:15","modified_gmt":"2025-11-14T10:14:15","slug":"bagel-de-manteiga-de-amendoim-e-compota","status":"publish","type":"product","link":"https:\/\/gudilicious.pt\/loja\/product\/bagel-de-manteiga-de-amendoim-e-compota\/","title":{"rendered":"Mini Bagel de Manteiga de Amendoim e Compota"},"content":{"rendered":"<p>Cores \u00e0 escolha: Tradicional, rosa, amarelo, verde e azul.<\/p>\n<p>A quantidade m\u00ednima de encomenda deste produto \u00e9 de 6 unidades.<\/p>\n","protected":false},"excerpt":{"rendered":"<p>Vegan. Sem lactose nem a\u00e7\u00facar. Cont\u00e9m gl\u00faten e frutos secos.<\/p>\n","protected":false},"featured_media":2983,"template":"","meta":{"inline_featured_image":false},"product_brand":[],"product_cat":[35,34,87,110],"product_tag":[],"class_list":{"0":"post-2985","1":"product","2":"type-product","3":"status-publish","4":"has-post-thumbnail","6":"product_cat-doces","7":"product_cat-mini-sandes","8":"product_cat-vegetariano","9":"product_cat-sem-lactose","10":"description-off","12":"first","13":"instock","14":"taxable","15":"shipping-taxable","16":"purchasable","17":"product-type-variable"},"_links":{"self":[{"href":"https:\/\/gudilicious.pt\/loja\/wp-json\/wp\/v2\/product\/2985","targetHints":{"allow":["GET"]}}],"collection":[{"href":"https:\/\/gudilicious.pt\/loja\/wp-json\/wp\/v2\/product"}],"about":[{"href":"https:\/\/gudilicious.pt\/loja\/wp-json\/wp\/v2\/types\/product"}],"wp:featuredmedia":[{"embeddable":true,"href":"https:\/\/gudilicious.pt\/loja\/wp-json\/wp\/v2\/media\/2983"}],"wp:attachment":[{"href":"https:\/\/gudilicious.pt\/loja\/wp-json\/wp\/v2\/media?parent=2985"}],"wp:term":[{"taxonomy":"product_brand","embeddable":true,"href":"https:\/\/gudilicious.pt\/loja\/wp-json\/wp\/v2\/product_brand?post=2985"},{"taxonomy":"product_cat","embeddable":true,"href":"https:\/\/gudilicious.pt\/loja\/wp-json\/wp\/v2\/product_cat?post=2985"},{"taxonomy":"product_tag","embeddable":true,"href":"https:\/\/gudilicious.pt\/loja\/wp-json\/wp\/v2\/product_tag?post=2985"}],"curies":[{"name":"wp","href":"https:\/\/api.w.org\/{rel}","templated":true}]}}