{"id":2961,"date":"2023-05-12T17:56:34","date_gmt":"2023-05-12T16:56:34","guid":{"rendered":"http:\/\/gudilicious.pt\/loja\/?post_type=product&#038;p=2961"},"modified":"2025-11-14T10:19:43","modified_gmt":"2025-11-14T10:19:43","slug":"mini-hamburgueres-vegetarianos","status":"publish","type":"product","link":"https:\/\/gudilicious.pt\/loja\/product\/mini-hamburgueres-vegetarianos\/","title":{"rendered":"Mini Hamb\u00fargueres Vegetarianos"},"content":{"rendered":"<p>Cores \u00e0 escolha: Tradicional, rosa, amarelo, verde e azul.<\/p>\n<p>A quantidade m\u00ednima de encomenda deste produto \u00e9 de 6 unidades.<\/p>\n","protected":false},"excerpt":{"rendered":"<p>Vegetariano.\u00a0 Cont\u00e9m lactose e gl\u00faten. Sem a\u00e7\u00facar.<\/p>\n","protected":false},"featured_media":2655,"template":"","meta":{"inline_featured_image":false},"product_brand":[],"product_cat":[33,34,87],"product_tag":[],"class_list":{"0":"post-2961","1":"product","2":"type-product","3":"status-publish","4":"has-post-thumbnail","6":"product_cat-salgados","7":"product_cat-mini-sandes","8":"product_cat-vegetariano","9":"description-off","11":"first","12":"instock","13":"taxable","14":"shipping-taxable","15":"purchasable","16":"product-type-variable"},"_links":{"self":[{"href":"https:\/\/gudilicious.pt\/loja\/wp-json\/wp\/v2\/product\/2961","targetHints":{"allow":["GET"]}}],"collection":[{"href":"https:\/\/gudilicious.pt\/loja\/wp-json\/wp\/v2\/product"}],"about":[{"href":"https:\/\/gudilicious.pt\/loja\/wp-json\/wp\/v2\/types\/product"}],"wp:featuredmedia":[{"embeddable":true,"href":"https:\/\/gudilicious.pt\/loja\/wp-json\/wp\/v2\/media\/2655"}],"wp:attachment":[{"href":"https:\/\/gudilicious.pt\/loja\/wp-json\/wp\/v2\/media?parent=2961"}],"wp:term":[{"taxonomy":"product_brand","embeddable":true,"href":"https:\/\/gudilicious.pt\/loja\/wp-json\/wp\/v2\/product_brand?post=2961"},{"taxonomy":"product_cat","embeddable":true,"href":"https:\/\/gudilicious.pt\/loja\/wp-json\/wp\/v2\/product_cat?post=2961"},{"taxonomy":"product_tag","embeddable":true,"href":"https:\/\/gudilicious.pt\/loja\/wp-json\/wp\/v2\/product_tag?post=2961"}],"curies":[{"name":"wp","href":"https:\/\/api.w.org\/{rel}","templated":true}]}}