{"id":2935,"date":"2023-05-09T01:08:21","date_gmt":"2023-05-09T00:08:21","guid":{"rendered":"http:\/\/gudilicious.pt\/loja\/?post_type=product&#038;p=2935"},"modified":"2025-11-14T10:28:24","modified_gmt":"2025-11-14T10:28:24","slug":"queijo-brie-noz-e-uva","status":"publish","type":"product","link":"https:\/\/gudilicious.pt\/loja\/product\/queijo-brie-noz-e-uva\/","title":{"rendered":"Espetada Queijo Brie, Noz e Uva"},"content":{"rendered":"","protected":false},"excerpt":{"rendered":"<p>Vegetariano. Sem gluten e sem a\u00e7\u00facar. Cont\u00e9m lactose e frutos secos.<\/p>\n","protected":false},"featured_media":3196,"template":"","meta":{"inline_featured_image":false},"product_brand":[],"product_cat":[33,46,87,109],"product_tag":[],"class_list":{"0":"post-2935","1":"product","2":"type-product","3":"status-publish","4":"has-post-thumbnail","6":"product_cat-salgados","7":"product_cat-canapes","8":"product_cat-vegetariano","9":"product_cat-sem-gluten","10":"description-off","12":"first","13":"instock","14":"taxable","15":"shipping-taxable","16":"purchasable","17":"product-type-simple"},"_links":{"self":[{"href":"https:\/\/gudilicious.pt\/loja\/wp-json\/wp\/v2\/product\/2935","targetHints":{"allow":["GET"]}}],"collection":[{"href":"https:\/\/gudilicious.pt\/loja\/wp-json\/wp\/v2\/product"}],"about":[{"href":"https:\/\/gudilicious.pt\/loja\/wp-json\/wp\/v2\/types\/product"}],"wp:featuredmedia":[{"embeddable":true,"href":"https:\/\/gudilicious.pt\/loja\/wp-json\/wp\/v2\/media\/3196"}],"wp:attachment":[{"href":"https:\/\/gudilicious.pt\/loja\/wp-json\/wp\/v2\/media?parent=2935"}],"wp:term":[{"taxonomy":"product_brand","embeddable":true,"href":"https:\/\/gudilicious.pt\/loja\/wp-json\/wp\/v2\/product_brand?post=2935"},{"taxonomy":"product_cat","embeddable":true,"href":"https:\/\/gudilicious.pt\/loja\/wp-json\/wp\/v2\/product_cat?post=2935"},{"taxonomy":"product_tag","embeddable":true,"href":"https:\/\/gudilicious.pt\/loja\/wp-json\/wp\/v2\/product_tag?post=2935"}],"curies":[{"name":"wp","href":"https:\/\/api.w.org\/{rel}","templated":true}]}}