{"id":2932,"date":"2023-05-09T01:02:28","date_gmt":"2023-05-09T00:02:28","guid":{"rendered":"http:\/\/gudilicious.pt\/loja\/?post_type=product&#038;p=2932"},"modified":"2025-11-14T10:30:11","modified_gmt":"2025-11-14T10:30:11","slug":"trouxas-com-massa-filo-queijo-feta-e-mel","status":"publish","type":"product","link":"https:\/\/gudilicious.pt\/loja\/product\/trouxas-com-massa-filo-queijo-feta-e-mel\/","title":{"rendered":"Trouxas com Massa Fil\u00f3, Queijo Feta e Mel"},"content":{"rendered":"","protected":false},"excerpt":{"rendered":"<p>Vegetariano. Cont\u00e9m lactose e gl\u00faten. Sem a\u00e7\u00facar.<\/p>\n","protected":false},"featured_media":3352,"template":"","meta":{"inline_featured_image":false},"product_brand":[],"product_cat":[33,46,87],"product_tag":[],"class_list":{"0":"post-2932","1":"product","2":"type-product","3":"status-publish","4":"has-post-thumbnail","6":"product_cat-salgados","7":"product_cat-canapes","8":"product_cat-vegetariano","9":"description-off","11":"first","12":"instock","13":"taxable","14":"shipping-taxable","15":"purchasable","16":"product-type-simple"},"_links":{"self":[{"href":"https:\/\/gudilicious.pt\/loja\/wp-json\/wp\/v2\/product\/2932","targetHints":{"allow":["GET"]}}],"collection":[{"href":"https:\/\/gudilicious.pt\/loja\/wp-json\/wp\/v2\/product"}],"about":[{"href":"https:\/\/gudilicious.pt\/loja\/wp-json\/wp\/v2\/types\/product"}],"wp:featuredmedia":[{"embeddable":true,"href":"https:\/\/gudilicious.pt\/loja\/wp-json\/wp\/v2\/media\/3352"}],"wp:attachment":[{"href":"https:\/\/gudilicious.pt\/loja\/wp-json\/wp\/v2\/media?parent=2932"}],"wp:term":[{"taxonomy":"product_brand","embeddable":true,"href":"https:\/\/gudilicious.pt\/loja\/wp-json\/wp\/v2\/product_brand?post=2932"},{"taxonomy":"product_cat","embeddable":true,"href":"https:\/\/gudilicious.pt\/loja\/wp-json\/wp\/v2\/product_cat?post=2932"},{"taxonomy":"product_tag","embeddable":true,"href":"https:\/\/gudilicious.pt\/loja\/wp-json\/wp\/v2\/product_tag?post=2932"}],"curies":[{"name":"wp","href":"https:\/\/api.w.org\/{rel}","templated":true}]}}