{"id":2878,"date":"2023-02-08T23:53:56","date_gmt":"2023-02-08T23:53:56","guid":{"rendered":"http:\/\/gudilicious.pt\/loja\/?post_type=product&#038;p=2878"},"modified":"2025-11-14T10:32:47","modified_gmt":"2025-11-14T10:32:47","slug":"cha-frio-limao-hortela-e-canela","status":"publish","type":"product","link":"https:\/\/gudilicious.pt\/loja\/product\/cha-frio-limao-hortela-e-canela\/","title":{"rendered":"Ch\u00e1 Frio (Lim\u00e3o, Hortel\u00e3 e Canela)"},"content":{"rendered":"<p>1 Litro<\/p>\n","protected":false},"excerpt":{"rendered":"<p>1 Litro<\/p>\n","protected":false},"featured_media":3733,"template":"","meta":{"inline_featured_image":false},"product_brand":[],"product_cat":[86,87,108,109,110],"product_tag":[],"class_list":{"0":"post-2878","1":"product","2":"type-product","3":"status-publish","4":"has-post-thumbnail","6":"product_cat-bebidas","7":"product_cat-vegetariano","8":"product_cat-vegan","9":"product_cat-sem-gluten","10":"product_cat-sem-lactose","11":"description-off","13":"first","14":"instock","15":"taxable","16":"shipping-taxable","17":"purchasable","18":"product-type-simple"},"_links":{"self":[{"href":"https:\/\/gudilicious.pt\/loja\/wp-json\/wp\/v2\/product\/2878","targetHints":{"allow":["GET"]}}],"collection":[{"href":"https:\/\/gudilicious.pt\/loja\/wp-json\/wp\/v2\/product"}],"about":[{"href":"https:\/\/gudilicious.pt\/loja\/wp-json\/wp\/v2\/types\/product"}],"wp:featuredmedia":[{"embeddable":true,"href":"https:\/\/gudilicious.pt\/loja\/wp-json\/wp\/v2\/media\/3733"}],"wp:attachment":[{"href":"https:\/\/gudilicious.pt\/loja\/wp-json\/wp\/v2\/media?parent=2878"}],"wp:term":[{"taxonomy":"product_brand","embeddable":true,"href":"https:\/\/gudilicious.pt\/loja\/wp-json\/wp\/v2\/product_brand?post=2878"},{"taxonomy":"product_cat","embeddable":true,"href":"https:\/\/gudilicious.pt\/loja\/wp-json\/wp\/v2\/product_cat?post=2878"},{"taxonomy":"product_tag","embeddable":true,"href":"https:\/\/gudilicious.pt\/loja\/wp-json\/wp\/v2\/product_tag?post=2878"}],"curies":[{"name":"wp","href":"https:\/\/api.w.org\/{rel}","templated":true}]}}