{"id":2871,"date":"2022-12-06T23:00:18","date_gmt":"2022-12-06T23:00:18","guid":{"rendered":"http:\/\/gudilicious.pt\/loja\/?post_type=product&#038;p=2871"},"modified":"2025-11-14T10:37:48","modified_gmt":"2025-11-14T10:37:48","slug":"pao-de-banana-com-cacau-vegan","status":"publish","type":"product","link":"https:\/\/gudilicious.pt\/loja\/product\/pao-de-banana-com-cacau-vegan\/","title":{"rendered":"P\u00e3o de Banana com Cacau (Vegan)"},"content":{"rendered":"","protected":false},"excerpt":{"rendered":"<p>Vegan. Sem gl\u00faten, lactose nem a\u00e7\u00facar.<\/p>\n","protected":false},"featured_media":3780,"template":"","meta":{"inline_featured_image":false},"product_brand":[],"product_cat":[35,107,87,108,109,110],"product_tag":[],"class_list":{"0":"post-2871","1":"product","2":"type-product","3":"status-publish","4":"has-post-thumbnail","6":"product_cat-doces","7":"product_cat-bolos","8":"product_cat-vegetariano","9":"product_cat-vegan","10":"product_cat-sem-gluten","11":"product_cat-sem-lactose","12":"description-off","14":"first","15":"instock","16":"taxable","17":"shipping-taxable","18":"purchasable","19":"product-type-simple"},"_links":{"self":[{"href":"https:\/\/gudilicious.pt\/loja\/wp-json\/wp\/v2\/product\/2871","targetHints":{"allow":["GET"]}}],"collection":[{"href":"https:\/\/gudilicious.pt\/loja\/wp-json\/wp\/v2\/product"}],"about":[{"href":"https:\/\/gudilicious.pt\/loja\/wp-json\/wp\/v2\/types\/product"}],"wp:featuredmedia":[{"embeddable":true,"href":"https:\/\/gudilicious.pt\/loja\/wp-json\/wp\/v2\/media\/3780"}],"wp:attachment":[{"href":"https:\/\/gudilicious.pt\/loja\/wp-json\/wp\/v2\/media?parent=2871"}],"wp:term":[{"taxonomy":"product_brand","embeddable":true,"href":"https:\/\/gudilicious.pt\/loja\/wp-json\/wp\/v2\/product_brand?post=2871"},{"taxonomy":"product_cat","embeddable":true,"href":"https:\/\/gudilicious.pt\/loja\/wp-json\/wp\/v2\/product_cat?post=2871"},{"taxonomy":"product_tag","embeddable":true,"href":"https:\/\/gudilicious.pt\/loja\/wp-json\/wp\/v2\/product_tag?post=2871"}],"curies":[{"name":"wp","href":"https:\/\/api.w.org\/{rel}","templated":true}]}}