{"id":2777,"date":"2022-12-05T21:41:18","date_gmt":"2022-12-05T21:41:18","guid":{"rendered":"http:\/\/gudilicious.pt\/loja\/?post_type=product&#038;p=2777"},"modified":"2025-11-14T11:06:25","modified_gmt":"2025-11-14T11:06:25","slug":"delicia-de-chocolate-bolo-mousse","status":"publish","type":"product","link":"https:\/\/gudilicious.pt\/loja\/product\/delicia-de-chocolate-bolo-mousse\/","title":{"rendered":"Del\u00edcia de Chocolate (bolo mousse)"},"content":{"rendered":"","protected":false},"excerpt":{"rendered":"<p>Vegetariano. Cont\u00e9m gl\u00faten, ovo e lactose.<\/p>\n","protected":false},"featured_media":3746,"template":"","meta":{"inline_featured_image":false},"product_brand":[],"product_cat":[35,107,87],"product_tag":[],"class_list":{"0":"post-2777","1":"product","2":"type-product","3":"status-publish","4":"has-post-thumbnail","6":"product_cat-doces","7":"product_cat-bolos","8":"product_cat-vegetariano","9":"description-off","11":"first","12":"instock","13":"taxable","14":"shipping-taxable","15":"purchasable","16":"product-type-simple"},"_links":{"self":[{"href":"https:\/\/gudilicious.pt\/loja\/wp-json\/wp\/v2\/product\/2777","targetHints":{"allow":["GET"]}}],"collection":[{"href":"https:\/\/gudilicious.pt\/loja\/wp-json\/wp\/v2\/product"}],"about":[{"href":"https:\/\/gudilicious.pt\/loja\/wp-json\/wp\/v2\/types\/product"}],"wp:featuredmedia":[{"embeddable":true,"href":"https:\/\/gudilicious.pt\/loja\/wp-json\/wp\/v2\/media\/3746"}],"wp:attachment":[{"href":"https:\/\/gudilicious.pt\/loja\/wp-json\/wp\/v2\/media?parent=2777"}],"wp:term":[{"taxonomy":"product_brand","embeddable":true,"href":"https:\/\/gudilicious.pt\/loja\/wp-json\/wp\/v2\/product_brand?post=2777"},{"taxonomy":"product_cat","embeddable":true,"href":"https:\/\/gudilicious.pt\/loja\/wp-json\/wp\/v2\/product_cat?post=2777"},{"taxonomy":"product_tag","embeddable":true,"href":"https:\/\/gudilicious.pt\/loja\/wp-json\/wp\/v2\/product_tag?post=2777"}],"curies":[{"name":"wp","href":"https:\/\/api.w.org\/{rel}","templated":true}]}}