{"id":2709,"date":"2022-11-17T23:46:14","date_gmt":"2022-11-17T23:46:14","guid":{"rendered":"http:\/\/gudilicious.pt\/loja\/?post_type=product&#038;p=2709"},"modified":"2025-11-14T11:14:44","modified_gmt":"2025-11-14T11:14:44","slug":"cachorros","status":"publish","type":"product","link":"https:\/\/gudilicious.pt\/loja\/product\/cachorros\/","title":{"rendered":"Mini Cachorros"},"content":{"rendered":"<p>Cores \u00e0 escolha: Tradicional, rosa, amarelo, verde e azul.<\/p>\n<p>A quantidade m\u00ednima de encomenda deste produto \u00e9 de 6 unidades.<\/p>\n","protected":false},"excerpt":{"rendered":"<p>Cont\u00e9m gl\u00faten. Sem lactose nem a\u00e7\u00facar.<\/p>\n","protected":false},"featured_media":3741,"template":"","meta":{"inline_featured_image":false},"product_brand":[],"product_cat":[33,34,110],"product_tag":[],"class_list":{"0":"post-2709","1":"product","2":"type-product","3":"status-publish","4":"has-post-thumbnail","6":"product_cat-salgados","7":"product_cat-mini-sandes","8":"product_cat-sem-lactose","9":"description-off","11":"first","12":"instock","13":"taxable","14":"shipping-taxable","15":"purchasable","16":"product-type-variable"},"_links":{"self":[{"href":"https:\/\/gudilicious.pt\/loja\/wp-json\/wp\/v2\/product\/2709","targetHints":{"allow":["GET"]}}],"collection":[{"href":"https:\/\/gudilicious.pt\/loja\/wp-json\/wp\/v2\/product"}],"about":[{"href":"https:\/\/gudilicious.pt\/loja\/wp-json\/wp\/v2\/types\/product"}],"wp:featuredmedia":[{"embeddable":true,"href":"https:\/\/gudilicious.pt\/loja\/wp-json\/wp\/v2\/media\/3741"}],"wp:attachment":[{"href":"https:\/\/gudilicious.pt\/loja\/wp-json\/wp\/v2\/media?parent=2709"}],"wp:term":[{"taxonomy":"product_brand","embeddable":true,"href":"https:\/\/gudilicious.pt\/loja\/wp-json\/wp\/v2\/product_brand?post=2709"},{"taxonomy":"product_cat","embeddable":true,"href":"https:\/\/gudilicious.pt\/loja\/wp-json\/wp\/v2\/product_cat?post=2709"},{"taxonomy":"product_tag","embeddable":true,"href":"https:\/\/gudilicious.pt\/loja\/wp-json\/wp\/v2\/product_tag?post=2709"}],"curies":[{"name":"wp","href":"https:\/\/api.w.org\/{rel}","templated":true}]}}