{"id":2695,"date":"2022-11-16T23:50:13","date_gmt":"2022-11-16T23:50:13","guid":{"rendered":"http:\/\/gudilicious.pt\/loja\/?post_type=product&#038;p=2695"},"modified":"2025-11-14T11:15:20","modified_gmt":"2025-11-14T11:15:20","slug":"mini-quiche-fiambre-e-queijo","status":"publish","type":"product","link":"https:\/\/gudilicious.pt\/loja\/product\/mini-quiche-fiambre-e-queijo\/","title":{"rendered":"Mini Quiche Fiambre e Queijo"},"content":{"rendered":"","protected":false},"excerpt":{"rendered":"<p>Cont\u00e9m gl\u00faten, ovo e lactose. Sem a\u00e7\u00facar.<\/p>\n","protected":false},"featured_media":3766,"template":"","meta":{"inline_featured_image":false},"product_brand":[],"product_cat":[33,89],"product_tag":[],"class_list":{"0":"post-2695","1":"product","2":"type-product","3":"status-publish","4":"has-post-thumbnail","6":"product_cat-salgados","7":"product_cat-quiches","8":"description-off","10":"first","11":"instock","12":"taxable","13":"shipping-taxable","14":"purchasable","15":"product-type-simple"},"_links":{"self":[{"href":"https:\/\/gudilicious.pt\/loja\/wp-json\/wp\/v2\/product\/2695","targetHints":{"allow":["GET"]}}],"collection":[{"href":"https:\/\/gudilicious.pt\/loja\/wp-json\/wp\/v2\/product"}],"about":[{"href":"https:\/\/gudilicious.pt\/loja\/wp-json\/wp\/v2\/types\/product"}],"wp:featuredmedia":[{"embeddable":true,"href":"https:\/\/gudilicious.pt\/loja\/wp-json\/wp\/v2\/media\/3766"}],"wp:attachment":[{"href":"https:\/\/gudilicious.pt\/loja\/wp-json\/wp\/v2\/media?parent=2695"}],"wp:term":[{"taxonomy":"product_brand","embeddable":true,"href":"https:\/\/gudilicious.pt\/loja\/wp-json\/wp\/v2\/product_brand?post=2695"},{"taxonomy":"product_cat","embeddable":true,"href":"https:\/\/gudilicious.pt\/loja\/wp-json\/wp\/v2\/product_cat?post=2695"},{"taxonomy":"product_tag","embeddable":true,"href":"https:\/\/gudilicious.pt\/loja\/wp-json\/wp\/v2\/product_tag?post=2695"}],"curies":[{"name":"wp","href":"https:\/\/api.w.org\/{rel}","templated":true}]}}