{"id":2685,"date":"2022-11-16T23:26:14","date_gmt":"2022-11-16T23:26:14","guid":{"rendered":"http:\/\/gudilicious.pt\/loja\/?post_type=product&#038;p=2685"},"modified":"2025-11-14T11:22:18","modified_gmt":"2025-11-14T11:22:18","slug":"pao-de-queijo","status":"publish","type":"product","link":"https:\/\/gudilicious.pt\/loja\/product\/pao-de-queijo\/","title":{"rendered":"Mini P\u00e3o de Queijo"},"content":{"rendered":"","protected":false},"excerpt":{"rendered":"<p>Vegetariano. Cont\u00e9m ovo e lactose. Sem gl\u00faten nem a\u00e7\u00facar.<\/p>\n","protected":false},"featured_media":3366,"template":"","meta":{"inline_featured_image":false},"product_brand":[],"product_cat":[33,46,87,109],"product_tag":[],"class_list":{"0":"post-2685","1":"product","2":"type-product","3":"status-publish","4":"has-post-thumbnail","6":"product_cat-salgados","7":"product_cat-canapes","8":"product_cat-vegetariano","9":"product_cat-sem-gluten","10":"description-off","12":"first","13":"instock","14":"taxable","15":"shipping-taxable","16":"purchasable","17":"product-type-simple"},"_links":{"self":[{"href":"https:\/\/gudilicious.pt\/loja\/wp-json\/wp\/v2\/product\/2685","targetHints":{"allow":["GET"]}}],"collection":[{"href":"https:\/\/gudilicious.pt\/loja\/wp-json\/wp\/v2\/product"}],"about":[{"href":"https:\/\/gudilicious.pt\/loja\/wp-json\/wp\/v2\/types\/product"}],"wp:featuredmedia":[{"embeddable":true,"href":"https:\/\/gudilicious.pt\/loja\/wp-json\/wp\/v2\/media\/3366"}],"wp:attachment":[{"href":"https:\/\/gudilicious.pt\/loja\/wp-json\/wp\/v2\/media?parent=2685"}],"wp:term":[{"taxonomy":"product_brand","embeddable":true,"href":"https:\/\/gudilicious.pt\/loja\/wp-json\/wp\/v2\/product_brand?post=2685"},{"taxonomy":"product_cat","embeddable":true,"href":"https:\/\/gudilicious.pt\/loja\/wp-json\/wp\/v2\/product_cat?post=2685"},{"taxonomy":"product_tag","embeddable":true,"href":"https:\/\/gudilicious.pt\/loja\/wp-json\/wp\/v2\/product_tag?post=2685"}],"curies":[{"name":"wp","href":"https:\/\/api.w.org\/{rel}","templated":true}]}}