{"id":2615,"date":"2022-11-16T16:49:33","date_gmt":"2022-11-16T16:49:33","guid":{"rendered":"http:\/\/gudilicious.pt\/loja\/?post_type=product&#038;p=2615"},"modified":"2025-11-14T11:25:20","modified_gmt":"2025-11-14T11:25:20","slug":"sande-mozzarella-tomate-e-pesto","status":"publish","type":"product","link":"https:\/\/gudilicious.pt\/loja\/product\/sande-mozzarella-tomate-e-pesto\/","title":{"rendered":"Mini Sandes de Mozzarella, Tomate e Pesto"},"content":{"rendered":"","protected":false},"excerpt":{"rendered":"<p>Vegetariano. Cont\u00e9m lactose e gl\u00faten. Sem a\u00e7\u00facar.<\/p>\n","protected":false},"featured_media":3243,"template":"","meta":{"inline_featured_image":false},"product_brand":[],"product_cat":[33,34,87],"product_tag":[],"class_list":{"0":"post-2615","1":"product","2":"type-product","3":"status-publish","4":"has-post-thumbnail","6":"product_cat-salgados","7":"product_cat-mini-sandes","8":"product_cat-vegetariano","9":"description-off","11":"first","12":"instock","13":"taxable","14":"shipping-taxable","15":"purchasable","16":"product-type-simple"},"_links":{"self":[{"href":"https:\/\/gudilicious.pt\/loja\/wp-json\/wp\/v2\/product\/2615","targetHints":{"allow":["GET"]}}],"collection":[{"href":"https:\/\/gudilicious.pt\/loja\/wp-json\/wp\/v2\/product"}],"about":[{"href":"https:\/\/gudilicious.pt\/loja\/wp-json\/wp\/v2\/types\/product"}],"wp:featuredmedia":[{"embeddable":true,"href":"https:\/\/gudilicious.pt\/loja\/wp-json\/wp\/v2\/media\/3243"}],"wp:attachment":[{"href":"https:\/\/gudilicious.pt\/loja\/wp-json\/wp\/v2\/media?parent=2615"}],"wp:term":[{"taxonomy":"product_brand","embeddable":true,"href":"https:\/\/gudilicious.pt\/loja\/wp-json\/wp\/v2\/product_brand?post=2615"},{"taxonomy":"product_cat","embeddable":true,"href":"https:\/\/gudilicious.pt\/loja\/wp-json\/wp\/v2\/product_cat?post=2615"},{"taxonomy":"product_tag","embeddable":true,"href":"https:\/\/gudilicious.pt\/loja\/wp-json\/wp\/v2\/product_tag?post=2615"}],"curies":[{"name":"wp","href":"https:\/\/api.w.org\/{rel}","templated":true}]}}