{"id":2603,"date":"2022-11-16T16:13:36","date_gmt":"2022-11-16T16:13:36","guid":{"rendered":"http:\/\/gudilicious.pt\/loja\/?post_type=product&#038;p=2603"},"modified":"2025-11-14T11:27:34","modified_gmt":"2025-11-14T11:27:34","slug":"bruschetta","status":"publish","type":"product","link":"https:\/\/gudilicious.pt\/loja\/product\/bruschetta\/","title":{"rendered":"Mini Bruschetta Tomate e Manjeric\u00e3o"},"content":{"rendered":"<p>P\u00e3o com tomate, alho, manjeric\u00e3o e azeite.<\/p>\n","protected":false},"excerpt":{"rendered":"<p>P\u00e3o com tomate, alho, manjeric\u00e3o e azeite.<\/p>\n","protected":false},"featured_media":3739,"template":"","meta":{"inline_featured_image":false},"product_brand":[],"product_cat":[33,46,87,108,110],"product_tag":[],"class_list":{"0":"post-2603","1":"product","2":"type-product","3":"status-publish","4":"has-post-thumbnail","6":"product_cat-salgados","7":"product_cat-canapes","8":"product_cat-vegetariano","9":"product_cat-vegan","10":"product_cat-sem-lactose","11":"description-off","13":"first","14":"instock","15":"taxable","16":"shipping-taxable","17":"purchasable","18":"product-type-simple"},"_links":{"self":[{"href":"https:\/\/gudilicious.pt\/loja\/wp-json\/wp\/v2\/product\/2603","targetHints":{"allow":["GET"]}}],"collection":[{"href":"https:\/\/gudilicious.pt\/loja\/wp-json\/wp\/v2\/product"}],"about":[{"href":"https:\/\/gudilicious.pt\/loja\/wp-json\/wp\/v2\/types\/product"}],"wp:featuredmedia":[{"embeddable":true,"href":"https:\/\/gudilicious.pt\/loja\/wp-json\/wp\/v2\/media\/3739"}],"wp:attachment":[{"href":"https:\/\/gudilicious.pt\/loja\/wp-json\/wp\/v2\/media?parent=2603"}],"wp:term":[{"taxonomy":"product_brand","embeddable":true,"href":"https:\/\/gudilicious.pt\/loja\/wp-json\/wp\/v2\/product_brand?post=2603"},{"taxonomy":"product_cat","embeddable":true,"href":"https:\/\/gudilicious.pt\/loja\/wp-json\/wp\/v2\/product_cat?post=2603"},{"taxonomy":"product_tag","embeddable":true,"href":"https:\/\/gudilicious.pt\/loja\/wp-json\/wp\/v2\/product_tag?post=2603"}],"curies":[{"name":"wp","href":"https:\/\/api.w.org\/{rel}","templated":true}]}}