{"id":2600,"date":"2022-11-16T16:02:53","date_gmt":"2022-11-16T16:02:53","guid":{"rendered":"http:\/\/gudilicious.pt\/loja\/?post_type=product&#038;p=2600"},"modified":"2025-11-14T11:29:56","modified_gmt":"2025-11-14T11:29:56","slug":"egg-muffins-de-legumes","status":"publish","type":"product","link":"https:\/\/gudilicious.pt\/loja\/product\/egg-muffins-de-legumes\/","title":{"rendered":"Egg Muffins de Legumes"},"content":{"rendered":"","protected":false},"excerpt":{"rendered":"<p>Vegetariano. Cont\u00e9m ovo. Sem gluten, lactose nem a\u00e7\u00facar.<\/p>\n","protected":false},"featured_media":2679,"template":"","meta":{"inline_featured_image":false},"product_brand":[],"product_cat":[33,46,87,109,110],"product_tag":[],"class_list":{"0":"post-2600","1":"product","2":"type-product","3":"status-publish","4":"has-post-thumbnail","6":"product_cat-salgados","7":"product_cat-canapes","8":"product_cat-vegetariano","9":"product_cat-sem-gluten","10":"product_cat-sem-lactose","11":"description-off","13":"first","14":"instock","15":"taxable","16":"shipping-taxable","17":"purchasable","18":"product-type-simple"},"_links":{"self":[{"href":"https:\/\/gudilicious.pt\/loja\/wp-json\/wp\/v2\/product\/2600","targetHints":{"allow":["GET"]}}],"collection":[{"href":"https:\/\/gudilicious.pt\/loja\/wp-json\/wp\/v2\/product"}],"about":[{"href":"https:\/\/gudilicious.pt\/loja\/wp-json\/wp\/v2\/types\/product"}],"wp:featuredmedia":[{"embeddable":true,"href":"https:\/\/gudilicious.pt\/loja\/wp-json\/wp\/v2\/media\/2679"}],"wp:attachment":[{"href":"https:\/\/gudilicious.pt\/loja\/wp-json\/wp\/v2\/media?parent=2600"}],"wp:term":[{"taxonomy":"product_brand","embeddable":true,"href":"https:\/\/gudilicious.pt\/loja\/wp-json\/wp\/v2\/product_brand?post=2600"},{"taxonomy":"product_cat","embeddable":true,"href":"https:\/\/gudilicious.pt\/loja\/wp-json\/wp\/v2\/product_cat?post=2600"},{"taxonomy":"product_tag","embeddable":true,"href":"https:\/\/gudilicious.pt\/loja\/wp-json\/wp\/v2\/product_tag?post=2600"}],"curies":[{"name":"wp","href":"https:\/\/api.w.org\/{rel}","templated":true}]}}