{"id":2596,"date":"2022-11-16T16:00:52","date_gmt":"2022-11-16T16:00:52","guid":{"rendered":"http:\/\/gudilicious.pt\/loja\/?post_type=product&#038;p=2596"},"modified":"2025-11-14T11:31:53","modified_gmt":"2025-11-14T11:31:53","slug":"blinis-com-abacate-e-camarao","status":"publish","type":"product","link":"https:\/\/gudilicious.pt\/loja\/product\/blinis-com-abacate-e-camarao\/","title":{"rendered":"Blinis com Abacate e Camar\u00e3o"},"content":{"rendered":"","protected":false},"excerpt":{"rendered":"<p>Cont\u00e9m ovo e gl\u00faten. Sem a\u00e7\u00facar e sem lactose.<\/p>\n","protected":false},"featured_media":3724,"template":"","meta":{"inline_featured_image":false},"product_brand":[],"product_cat":[33,46],"product_tag":[],"class_list":{"0":"post-2596","1":"product","2":"type-product","3":"status-publish","4":"has-post-thumbnail","6":"product_cat-salgados","7":"product_cat-canapes","8":"description-off","10":"first","11":"instock","12":"taxable","13":"shipping-taxable","14":"purchasable","15":"product-type-simple"},"_links":{"self":[{"href":"https:\/\/gudilicious.pt\/loja\/wp-json\/wp\/v2\/product\/2596","targetHints":{"allow":["GET"]}}],"collection":[{"href":"https:\/\/gudilicious.pt\/loja\/wp-json\/wp\/v2\/product"}],"about":[{"href":"https:\/\/gudilicious.pt\/loja\/wp-json\/wp\/v2\/types\/product"}],"wp:featuredmedia":[{"embeddable":true,"href":"https:\/\/gudilicious.pt\/loja\/wp-json\/wp\/v2\/media\/3724"}],"wp:attachment":[{"href":"https:\/\/gudilicious.pt\/loja\/wp-json\/wp\/v2\/media?parent=2596"}],"wp:term":[{"taxonomy":"product_brand","embeddable":true,"href":"https:\/\/gudilicious.pt\/loja\/wp-json\/wp\/v2\/product_brand?post=2596"},{"taxonomy":"product_cat","embeddable":true,"href":"https:\/\/gudilicious.pt\/loja\/wp-json\/wp\/v2\/product_cat?post=2596"},{"taxonomy":"product_tag","embeddable":true,"href":"https:\/\/gudilicious.pt\/loja\/wp-json\/wp\/v2\/product_tag?post=2596"}],"curies":[{"name":"wp","href":"https:\/\/api.w.org\/{rel}","templated":true}]}}