{"id":2593,"date":"2022-11-16T15:58:17","date_gmt":"2022-11-16T15:58:17","guid":{"rendered":"http:\/\/gudilicious.pt\/loja\/?post_type=product&#038;p=2593"},"modified":"2025-11-14T11:35:16","modified_gmt":"2025-11-14T11:35:16","slug":"espetadas-de-tomate-cherry-mozzarella-e-pesto","status":"publish","type":"product","link":"https:\/\/gudilicious.pt\/loja\/product\/espetadas-de-tomate-cherry-mozzarella-e-pesto\/","title":{"rendered":"Espetadas de Tomate Cherry, Mozzarella e Pesto"},"content":{"rendered":"","protected":false},"excerpt":{"rendered":"<p>Vegetariano. Cont\u00e9m lactose. Sem gluten e sem a\u00e7\u00facar.<\/p>\n","protected":false},"featured_media":3359,"template":"","meta":{"inline_featured_image":false},"product_brand":[],"product_cat":[33,46,87,109],"product_tag":[],"class_list":{"0":"post-2593","1":"product","2":"type-product","3":"status-publish","4":"has-post-thumbnail","6":"product_cat-salgados","7":"product_cat-canapes","8":"product_cat-vegetariano","9":"product_cat-sem-gluten","10":"description-off","12":"first","13":"instock","14":"taxable","15":"shipping-taxable","16":"purchasable","17":"product-type-simple"},"_links":{"self":[{"href":"https:\/\/gudilicious.pt\/loja\/wp-json\/wp\/v2\/product\/2593","targetHints":{"allow":["GET"]}}],"collection":[{"href":"https:\/\/gudilicious.pt\/loja\/wp-json\/wp\/v2\/product"}],"about":[{"href":"https:\/\/gudilicious.pt\/loja\/wp-json\/wp\/v2\/types\/product"}],"wp:featuredmedia":[{"embeddable":true,"href":"https:\/\/gudilicious.pt\/loja\/wp-json\/wp\/v2\/media\/3359"}],"wp:attachment":[{"href":"https:\/\/gudilicious.pt\/loja\/wp-json\/wp\/v2\/media?parent=2593"}],"wp:term":[{"taxonomy":"product_brand","embeddable":true,"href":"https:\/\/gudilicious.pt\/loja\/wp-json\/wp\/v2\/product_brand?post=2593"},{"taxonomy":"product_cat","embeddable":true,"href":"https:\/\/gudilicious.pt\/loja\/wp-json\/wp\/v2\/product_cat?post=2593"},{"taxonomy":"product_tag","embeddable":true,"href":"https:\/\/gudilicious.pt\/loja\/wp-json\/wp\/v2\/product_tag?post=2593"}],"curies":[{"name":"wp","href":"https:\/\/api.w.org\/{rel}","templated":true}]}}