{"id":2588,"date":"2022-11-16T15:54:59","date_gmt":"2022-11-16T15:54:59","guid":{"rendered":"http:\/\/gudilicious.pt\/loja\/?post_type=product&#038;p=2588"},"modified":"2025-11-14T11:39:44","modified_gmt":"2025-11-14T11:39:44","slug":"pate-de-atum","status":"publish","type":"product","link":"https:\/\/gudilicious.pt\/loja\/product\/pate-de-atum\/","title":{"rendered":"Pat\u00ea de Atum com Tostinhas"},"content":{"rendered":"<p>250ml<\/p>\n","protected":false},"excerpt":{"rendered":"<p>Sem a\u00e7\u00facar. Cont\u00e9m ovo e gl\u00faten.<\/p>\n","protected":false},"featured_media":3783,"template":"","meta":{"inline_featured_image":false},"product_brand":[],"product_cat":[33,45,110],"product_tag":[],"class_list":{"0":"post-2588","1":"product","2":"type-product","3":"status-publish","4":"has-post-thumbnail","6":"product_cat-salgados","7":"product_cat-dips","8":"product_cat-sem-lactose","9":"description-off","11":"first","12":"instock","13":"taxable","14":"shipping-taxable","15":"purchasable","16":"product-type-simple"},"_links":{"self":[{"href":"https:\/\/gudilicious.pt\/loja\/wp-json\/wp\/v2\/product\/2588","targetHints":{"allow":["GET"]}}],"collection":[{"href":"https:\/\/gudilicious.pt\/loja\/wp-json\/wp\/v2\/product"}],"about":[{"href":"https:\/\/gudilicious.pt\/loja\/wp-json\/wp\/v2\/types\/product"}],"wp:featuredmedia":[{"embeddable":true,"href":"https:\/\/gudilicious.pt\/loja\/wp-json\/wp\/v2\/media\/3783"}],"wp:attachment":[{"href":"https:\/\/gudilicious.pt\/loja\/wp-json\/wp\/v2\/media?parent=2588"}],"wp:term":[{"taxonomy":"product_brand","embeddable":true,"href":"https:\/\/gudilicious.pt\/loja\/wp-json\/wp\/v2\/product_brand?post=2588"},{"taxonomy":"product_cat","embeddable":true,"href":"https:\/\/gudilicious.pt\/loja\/wp-json\/wp\/v2\/product_cat?post=2588"},{"taxonomy":"product_tag","embeddable":true,"href":"https:\/\/gudilicious.pt\/loja\/wp-json\/wp\/v2\/product_tag?post=2588"}],"curies":[{"name":"wp","href":"https:\/\/api.w.org\/{rel}","templated":true}]}}