{"id":2585,"date":"2022-11-16T00:51:13","date_gmt":"2022-11-16T00:51:13","guid":{"rendered":"http:\/\/gudilicious.pt\/loja\/?post_type=product&#038;p=2585"},"modified":"2025-11-14T11:40:56","modified_gmt":"2025-11-14T11:40:56","slug":"pao-recheado-com-queijo-e-linguica-no-forno-com-tostinhas","status":"publish","type":"product","link":"https:\/\/gudilicious.pt\/loja\/product\/pao-recheado-com-queijo-e-linguica-no-forno-com-tostinhas\/","title":{"rendered":"P\u00e3o recheado com Queijo e Lingui\u00e7a no forno com tostinhas"},"content":{"rendered":"","protected":false},"excerpt":{"rendered":"<p>Cont\u00e9m lactose e gl\u00faten. Sem a\u00e7\u00facar.<\/p>\n","protected":false},"featured_media":2586,"template":"","meta":{"inline_featured_image":false},"product_brand":[],"product_cat":[33,45],"product_tag":[],"class_list":{"0":"post-2585","1":"product","2":"type-product","3":"status-publish","4":"has-post-thumbnail","6":"product_cat-salgados","7":"product_cat-dips","8":"description-off","10":"first","11":"instock","12":"taxable","13":"shipping-taxable","14":"purchasable","15":"product-type-simple"},"_links":{"self":[{"href":"https:\/\/gudilicious.pt\/loja\/wp-json\/wp\/v2\/product\/2585","targetHints":{"allow":["GET"]}}],"collection":[{"href":"https:\/\/gudilicious.pt\/loja\/wp-json\/wp\/v2\/product"}],"about":[{"href":"https:\/\/gudilicious.pt\/loja\/wp-json\/wp\/v2\/types\/product"}],"wp:featuredmedia":[{"embeddable":true,"href":"https:\/\/gudilicious.pt\/loja\/wp-json\/wp\/v2\/media\/2586"}],"wp:attachment":[{"href":"https:\/\/gudilicious.pt\/loja\/wp-json\/wp\/v2\/media?parent=2585"}],"wp:term":[{"taxonomy":"product_brand","embeddable":true,"href":"https:\/\/gudilicious.pt\/loja\/wp-json\/wp\/v2\/product_brand?post=2585"},{"taxonomy":"product_cat","embeddable":true,"href":"https:\/\/gudilicious.pt\/loja\/wp-json\/wp\/v2\/product_cat?post=2585"},{"taxonomy":"product_tag","embeddable":true,"href":"https:\/\/gudilicious.pt\/loja\/wp-json\/wp\/v2\/product_tag?post=2585"}],"curies":[{"name":"wp","href":"https:\/\/api.w.org\/{rel}","templated":true}]}}