{"id":2584,"date":"2022-11-16T00:49:16","date_gmt":"2022-11-16T00:49:16","guid":{"rendered":"http:\/\/gudilicious.pt\/loja\/?post_type=product&#038;p=2584"},"modified":"2025-11-14T11:41:26","modified_gmt":"2025-11-14T11:41:26","slug":"tzatziki-com-picos","status":"publish","type":"product","link":"https:\/\/gudilicious.pt\/loja\/product\/tzatziki-com-picos\/","title":{"rendered":"Tzatziki com Picos"},"content":{"rendered":"<p>250ml<\/p>\n","protected":false},"excerpt":{"rendered":"<p>Sem a\u00e7\u00facar. Vegetariano. Cont\u00e9m lactose e gl\u00faten.<\/p>\n","protected":false},"featured_media":2582,"template":"","meta":{"inline_featured_image":false},"product_brand":[],"product_cat":[33,45,87],"product_tag":[],"class_list":{"0":"post-2584","1":"product","2":"type-product","3":"status-publish","4":"has-post-thumbnail","6":"product_cat-salgados","7":"product_cat-dips","8":"product_cat-vegetariano","9":"description-off","11":"first","12":"instock","13":"taxable","14":"shipping-taxable","15":"purchasable","16":"product-type-simple"},"_links":{"self":[{"href":"https:\/\/gudilicious.pt\/loja\/wp-json\/wp\/v2\/product\/2584","targetHints":{"allow":["GET"]}}],"collection":[{"href":"https:\/\/gudilicious.pt\/loja\/wp-json\/wp\/v2\/product"}],"about":[{"href":"https:\/\/gudilicious.pt\/loja\/wp-json\/wp\/v2\/types\/product"}],"wp:featuredmedia":[{"embeddable":true,"href":"https:\/\/gudilicious.pt\/loja\/wp-json\/wp\/v2\/media\/2582"}],"wp:attachment":[{"href":"https:\/\/gudilicious.pt\/loja\/wp-json\/wp\/v2\/media?parent=2584"}],"wp:term":[{"taxonomy":"product_brand","embeddable":true,"href":"https:\/\/gudilicious.pt\/loja\/wp-json\/wp\/v2\/product_brand?post=2584"},{"taxonomy":"product_cat","embeddable":true,"href":"https:\/\/gudilicious.pt\/loja\/wp-json\/wp\/v2\/product_cat?post=2584"},{"taxonomy":"product_tag","embeddable":true,"href":"https:\/\/gudilicious.pt\/loja\/wp-json\/wp\/v2\/product_tag?post=2584"}],"curies":[{"name":"wp","href":"https:\/\/api.w.org\/{rel}","templated":true}]}}