{"id":2583,"date":"2022-11-16T00:48:34","date_gmt":"2022-11-16T00:48:34","guid":{"rendered":"http:\/\/gudilicious.pt\/loja\/?post_type=product&#038;p=2583"},"modified":"2025-11-14T11:47:40","modified_gmt":"2025-11-14T11:47:40","slug":"humus-com-palitos-de-cenoura-e-tortilha-de-trigo","status":"publish","type":"product","link":"https:\/\/gudilicious.pt\/loja\/product\/humus-com-palitos-de-cenoura-e-tortilha-de-trigo\/","title":{"rendered":"H\u00famus com Palitos de Cenoura e Tortilha de Trigo"},"content":{"rendered":"<p>250ml<\/p>\n","protected":false},"excerpt":{"rendered":"<p>Sem a\u00e7\u00facar, sem lactose. Vegan. Cont\u00e9m gl\u00faten.<\/p>\n","protected":false},"featured_media":2581,"template":"","meta":{"inline_featured_image":false},"product_brand":[],"product_cat":[33,45,87,108,109,110],"product_tag":[],"class_list":{"0":"post-2583","1":"product","2":"type-product","3":"status-publish","4":"has-post-thumbnail","6":"product_cat-salgados","7":"product_cat-dips","8":"product_cat-vegetariano","9":"product_cat-vegan","10":"product_cat-sem-gluten","11":"product_cat-sem-lactose","12":"description-off","14":"first","15":"instock","16":"taxable","17":"shipping-taxable","18":"purchasable","19":"product-type-simple"},"_links":{"self":[{"href":"https:\/\/gudilicious.pt\/loja\/wp-json\/wp\/v2\/product\/2583","targetHints":{"allow":["GET"]}}],"collection":[{"href":"https:\/\/gudilicious.pt\/loja\/wp-json\/wp\/v2\/product"}],"about":[{"href":"https:\/\/gudilicious.pt\/loja\/wp-json\/wp\/v2\/types\/product"}],"wp:featuredmedia":[{"embeddable":true,"href":"https:\/\/gudilicious.pt\/loja\/wp-json\/wp\/v2\/media\/2581"}],"wp:attachment":[{"href":"https:\/\/gudilicious.pt\/loja\/wp-json\/wp\/v2\/media?parent=2583"}],"wp:term":[{"taxonomy":"product_brand","embeddable":true,"href":"https:\/\/gudilicious.pt\/loja\/wp-json\/wp\/v2\/product_brand?post=2583"},{"taxonomy":"product_cat","embeddable":true,"href":"https:\/\/gudilicious.pt\/loja\/wp-json\/wp\/v2\/product_cat?post=2583"},{"taxonomy":"product_tag","embeddable":true,"href":"https:\/\/gudilicious.pt\/loja\/wp-json\/wp\/v2\/product_tag?post=2583"}],"curies":[{"name":"wp","href":"https:\/\/api.w.org\/{rel}","templated":true}]}}