{"id":2907,"date":"2023-02-16T12:31:10","date_gmt":"2023-02-16T12:31:10","guid":{"rendered":"http:\/\/gudilicious.pt\/loja\/?page_id=2907"},"modified":"2023-02-16T12:34:06","modified_gmt":"2023-02-16T12:34:06","slug":"politica-cookies","status":"publish","type":"page","link":"https:\/\/gudilicious.pt\/loja\/politica-cookies\/","title":{"rendered":"Pol\u00edtica de Cookies"},"content":{"rendered":"<div class=\"wpb-content-wrapper\"><p>[vc_row][vc_column css=&#8221;.vc_custom_1676550219325{padding-bottom: 20px !important;}&#8221;][vc_custom_heading text=&#8221;POL\u00cdTICA DE COOKIES&#8221; font_container=&#8221;tag:h1|text_align:center|color:%233f2d1f&#8221; google_fonts=&#8221;font_family:Amatic%20SC%3Aregular%2C700|font_style:700%20bold%20regular%3A700%3Anormal&#8221;][\/vc_column][\/vc_row][vc_row][vc_column][vc_custom_heading text=&#8221;O que s\u00e3o cookies?&#8221; font_container=&#8221;tag:h5|text_align:left&#8221; google_fonts=&#8221;font_family:Roboto%3A100%2C100italic%2C300%2C300italic%2Cregular%2Citalic%2C500%2C500italic%2C700%2C700italic%2C900%2C900italic|font_style:700%20bold%20regular%3A700%3Anormal&#8221;][vc_custom_heading text=&#8221;Cookies s\u00e3o pequenos ficheiros de texto que o Site coloca no seu computador, smartphone ou tablet, ao aceder. Estes ficheiros recolhem um conjunto de informa\u00e7\u00f5es sobre a sua navega\u00e7\u00e3o no site, e s\u00e3o usadas para reconhecer utilizadores em visitas futuras e garantir o correcto desempenho das funcionalidades. Os cookies s\u00e3o utilizados para facilitar a sua experi\u00eancia de utiliza\u00e7\u00e3o e torn\u00e1-la mais simples, e n\u00e3o danificam o seu computador.&#8221; font_container=&#8221;tag:h5|text_align:left&#8221; google_fonts=&#8221;font_family:Roboto%3A100%2C100italic%2C300%2C300italic%2Cregular%2Citalic%2C500%2C500italic%2C700%2C700italic%2C900%2C900italic|font_style:400%20regular%3A400%3Anormal&#8221; css=&#8221;.vc_custom_1676550073422{padding-bottom: 20px !important;}&#8221;][vc_custom_heading text=&#8221;Para que se utilizam os cookies?&#8221; font_container=&#8221;tag:h5|text_align:left&#8221; google_fonts=&#8221;font_family:Roboto%3A100%2C100italic%2C300%2C300italic%2Cregular%2Citalic%2C500%2C500italic%2C700%2C700italic%2C900%2C900italic|font_style:700%20bold%20regular%3A700%3Anormal&#8221;][vc_custom_heading text=&#8221;A informa\u00e7\u00e3o recolhida pelos cookies traduz-se por estimativas num\u00e9ricas, padr\u00f5es de utiliza\u00e7\u00e3o e a adapta\u00e7\u00e3o do site aos interesses dos nossos utilizadores. Esta informa\u00e7\u00e3o tem como \u00fanica finalidade melhorar o desempenho t\u00e9cnico do Site e a sua experi\u00eancia de utiliza\u00e7\u00e3o.&#8221; font_container=&#8221;tag:h5|text_align:left&#8221; google_fonts=&#8221;font_family:Roboto%3A100%2C100italic%2C300%2C300italic%2Cregular%2Citalic%2C500%2C500italic%2C700%2C700italic%2C900%2C900italic|font_style:400%20regular%3A400%3Anormal&#8221; css=&#8221;.vc_custom_1676550152510{padding-bottom: 20px !important;}&#8221;][vc_custom_heading text=&#8221;Este site utiliza cookies para outras finalidades?&#8221; font_container=&#8221;tag:h5|text_align:left&#8221; google_fonts=&#8221;font_family:Roboto%3A100%2C100italic%2C300%2C300italic%2Cregular%2Citalic%2C500%2C500italic%2C700%2C700italic%2C900%2C900italic|font_style:700%20bold%20regular%3A700%3Anormal&#8221;][vc_custom_heading text=&#8221;N\u00e3o. Os cookies utilizados n\u00e3o armazenam qualquer informa\u00e7\u00e3o pessoal dos utilizadores, considerada sens\u00edvel. Da mesma forma, tamb\u00e9m n\u00e3o utilizamos cookies para encaminhar publicidade aos nossos utilizadores, seja para fins publicit\u00e1rios pr\u00f3prios ou de terceiros.&#8221; font_container=&#8221;tag:h5|text_align:left&#8221; google_fonts=&#8221;font_family:Roboto%3A100%2C100italic%2C300%2C300italic%2Cregular%2Citalic%2C500%2C500italic%2C700%2C700italic%2C900%2C900italic|font_style:400%20regular%3A400%3Anormal&#8221; css=&#8221;.vc_custom_1676550171717{padding-bottom: 20px !important;}&#8221;][vc_custom_heading text=&#8221;Quem tem acesso \u00e0 informa\u00e7\u00e3o armazenada nos cookies?&#8221; font_container=&#8221;tag:h5|text_align:left&#8221; google_fonts=&#8221;font_family:Roboto%3A100%2C100italic%2C300%2C300italic%2Cregular%2Citalic%2C500%2C500italic%2C700%2C700italic%2C900%2C900italic|font_style:700%20bold%20regular%3A700%3Anormal&#8221;][vc_custom_heading text=&#8221;A informa\u00e7\u00e3o armazenada nos cookies \u00e9 utilizada exclusivamente por n\u00f3s, atrav\u00e9s do servi\u00e7o Google Analytics, e tem objetivos exclusivamente estat\u00edsticos.&#8221; font_container=&#8221;tag:h5|text_align:left&#8221; google_fonts=&#8221;font_family:Roboto%3A100%2C100italic%2C300%2C300italic%2Cregular%2Citalic%2C500%2C500italic%2C700%2C700italic%2C900%2C900italic|font_style:400%20regular%3A400%3Anormal&#8221; css=&#8221;.vc_custom_1676550387662{padding-bottom: 20px !important;}&#8221;][vc_custom_heading text=&#8221;\u00c9 poss\u00edvel descativar a utiliza\u00e7\u00e3o de cookies?&#8221; font_container=&#8221;tag:h5|text_align:left&#8221; google_fonts=&#8221;font_family:Roboto%3A100%2C100italic%2C300%2C300italic%2Cregular%2Citalic%2C500%2C500italic%2C700%2C700italic%2C900%2C900italic|font_style:700%20bold%20regular%3A700%3Anormal&#8221;][vc_custom_heading text=&#8221;Sim, os cookies podem ser desactivados no seu browser. No entanto, ao realizar esta ac\u00e7\u00e3o, deixa de contribuir para a melhoria cont\u00ednua que pretendemos oferecer sempre aos nossos clientes. Para bloquear ou apagar os cookies, pode faz\u00ea-lo modificando a configura\u00e7\u00e3o do seu browser no menu \u201cPrefer\u00eancias\u201d ou \u201cFerramentas\u201d. Para mais detalhes sobre a configura\u00e7\u00e3o dos cookies, consulte o menu \u201cAjuda\u201d do seu browser.&#8221; font_container=&#8221;tag:h5|text_align:left&#8221; google_fonts=&#8221;font_family:Roboto%3A100%2C100italic%2C300%2C300italic%2Cregular%2Citalic%2C500%2C500italic%2C700%2C700italic%2C900%2C900italic|font_style:400%20regular%3A400%3Anormal&#8221;][\/vc_column][\/vc_row]<\/p>\n<\/div>","protected":false},"excerpt":{"rendered":"<p>[vc_row][vc_column css=&#8221;.vc_custom_1676550219325{padding-bottom: 20px !important;}&#8221;][vc_custom_heading text=&#8221;POL\u00cdTICA DE COOKIES&#8221; font_container=&#8221;tag:h1|text_align:center|color:%233f2d1f&#8221; google_fonts=&#8221;font_family:Amatic%20SC%3Aregular%2C700|font_style:700%20bold%20regular%3A700%3Anormal&#8221;][\/vc_column][\/vc_row][vc_row][vc_column][vc_custom_heading text=&#8221;O que s\u00e3o cookies?&#8221; font_container=&#8221;tag:h5|text_align:left&#8221; google_fonts=&#8221;font_family:Roboto%3A100%2C100italic%2C300%2C300italic%2Cregular%2Citalic%2C500%2C500italic%2C700%2C700italic%2C900%2C900italic|font_style:700%20bold%20regular%3A700%3Anormal&#8221;][vc_custom_heading text=&#8221;Cookies s\u00e3o pequenos ficheiros de texto que o Site coloca no seu computador, smartphone ou tablet, ao aceder. Estes ficheiros recolhem um conjunto de informa\u00e7\u00f5es sobre a sua navega\u00e7\u00e3o no site, e s\u00e3o usadas para reconhecer utilizadores em visitas futuras&hellip;<\/p>\n","protected":false},"author":1,"featured_media":0,"parent":0,"menu_order":30,"comment_status":"closed","ping_status":"closed","template":"","meta":{"inline_featured_image":false,"footnotes":""},"class_list":["post-2907","page","type-page","status-publish","hentry","description-off"],"_links":{"self":[{"href":"https:\/\/gudilicious.pt\/loja\/wp-json\/wp\/v2\/pages\/2907","targetHints":{"allow":["GET"]}}],"collection":[{"href":"https:\/\/gudilicious.pt\/loja\/wp-json\/wp\/v2\/pages"}],"about":[{"href":"https:\/\/gudilicious.pt\/loja\/wp-json\/wp\/v2\/types\/page"}],"author":[{"embeddable":true,"href":"https:\/\/gudilicious.pt\/loja\/wp-json\/wp\/v2\/users\/1"}],"replies":[{"embeddable":true,"href":"https:\/\/gudilicious.pt\/loja\/wp-json\/wp\/v2\/comments?post=2907"}],"version-history":[{"count":2,"href":"https:\/\/gudilicious.pt\/loja\/wp-json\/wp\/v2\/pages\/2907\/revisions"}],"predecessor-version":[{"id":2909,"href":"https:\/\/gudilicious.pt\/loja\/wp-json\/wp\/v2\/pages\/2907\/revisions\/2909"}],"wp:attachment":[{"href":"https:\/\/gudilicious.pt\/loja\/wp-json\/wp\/v2\/media?parent=2907"}],"curies":[{"name":"wp","href":"https:\/\/api.w.org\/{rel}","templated":true}]}}